{"id":1857,"date":"2025-10-28T09:11:00","date_gmt":"2025-10-28T08:11:00","guid":{"rendered":"https:\/\/nuanceagro.com\/?page_id=1857"},"modified":"2025-10-28T09:12:48","modified_gmt":"2025-10-28T08:12:48","slug":"product-brokerage-2","status":"publish","type":"page","link":"https:\/\/nuanceagro.com\/de\/product-brokerage-2\/","title":{"rendered":"Produktvermittlung"},"content":{"rendered":"<h2 class=\"wp-block-heading\" style=\"font-size:38px;line-height:1.4\"><strong><strong>Direkter Zugang zu den besten Produzenten der T\u00fcrkei \u2013 sorgf\u00e4ltig ausgew\u00e4hlt, gepr\u00fcft und exportbereit.<\/strong><\/strong><\/h2>\n\n\n\n<div class=\"wp-block-columns is-layout-flex wp-container-core-columns-is-layout-9d6595d7 wp-block-columns-is-layout-flex\">\n<div class=\"wp-block-column is-layout-flow wp-block-column-is-layout-flow\">\n<p style=\"font-size:18px\"><strong>Wichtigste Vorteile<\/strong><\/p>\n\n\n\n<p>Direkt vom Hersteller zu transparenten Preisen<\/p>\n\n\n\n<p>Gepr\u00fcfte Lieferanten: Audits, Qualit\u00e4tsdokumente, Exportbereitschaft<\/p>\n\n\n\n<p>Kategorieumfang: Frischwaren, Trockenfr\u00fcchte und N\u00fcsse, \u00d6le, Getreide, Konserven und Spezialit\u00e4ten<\/p>\n\n\n\n<p>Professionelle Probenahme und Spezifikationsabgleich<\/p>\n\n\n\n<p>Incoterms-Fachwissen (EXW, FOB, CFR, DDP), Logistikkoordination<\/p>\n\n\n\n<p>Kontinuierliche Verf\u00fcgbarkeitsplanung f\u00fcr Saisonartikel<\/p>\n<\/div>\n\n\n\n<div class=\"wp-block-column is-layout-flow wp-block-column-is-layout-flow\">\n<p style=\"font-size:18px\"><strong>So funktioniert es<\/strong><\/p>\n\n\n\n<p class=\"translation-block\"><strong>Kurzfassung<\/strong>: Ihre Spezifikationen, Jahresmengen, Zielpreise, M\u00e4rkte.<\/p>\n\n\n\n<p class=\"translation-block\"><strong>Auswahlliste<\/strong>: 2\u20134 Produzenten, die Ihren Anforderungen entsprechen.<\/p>\n\n\n\n<p class=\"translation-block\"><strong>Muster &amp; Spezifikationen<\/strong>: Organoleptik, CoA, Fotos, Verpackungsentw\u00fcrfe.<\/p>\n\n\n\n<p class=\"translation-block\"><strong>Werbung<\/strong>: Mindestbestellmenge, Preis, Zahlungsbedingungen, Incoterms, Lieferzeiten.<\/p>\n\n\n\n<p class=\"translation-block\"><strong>Testbestellung<\/strong>: Pilotlieferung mit Qualit\u00e4tskontrolle und Sendungsverfolgung.<\/p>\n\n\n\n<p><strong>Scale<\/strong>: supplier performance reviews and buffer stock options.<\/p>\n<\/div>\n<\/div>\n\n\n\n<div class=\"wp-block-columns is-layout-flex wp-container-core-columns-is-layout-9d6595d7 wp-block-columns-is-layout-flex\">\n<div class=\"wp-block-column is-layout-flow wp-block-column-is-layout-flow\">\n<p style=\"font-size:18px\"><strong>Typische Bereiche<\/strong><\/p>\n\n\n\n<p>Mindestbestellmenge: 1\u201320 Paletten, je nach Produkt<\/p>\n\n\n\n<p>Lieferzeit: 2\u20136 Wochen (in der Saison), 6\u201310 Wochen (au\u00dferhalb der Saison\/Eigenmarke)<\/p>\n\n\n\n<p>Zahlung: TT-Vorauszahlung, Akkreditiv oder CAD \u2013 gem\u00e4\u00df den Richtlinien des Lieferanten<\/p>\n<\/div>\n\n\n\n<div class=\"wp-block-column is-layout-flow wp-block-column-is-layout-flow\">\n<p style=\"font-size:18px\"><strong>Dokumentation &amp; Compliance<\/strong><\/p>\n\n\n\n<p>CoA-, Pestizid- und Schwermetall-Pr\u00fcfberichte, falls erforderlich<\/p>\n\n\n\n<p>Zertifikate (ISO\/HACCP\/BRC, sofern zutreffend), Pflanzengesundheitszeugnisse, Gesundheitszeugnisse, EU-Kennzeichnungspr\u00fcfungen<\/p>\n<\/div>\n<\/div>\n\n\n\n<p><strong>FAQs<\/strong><\/p>\n\n\n\n<p><em>K\u00f6nnen Sie gemischte Beh\u00e4lter unterst\u00fctzen?<\/em> Ja, innerhalb kompatibler Kategorien.<\/p>\n\n\n\n<p class=\"translation-block\"><em>K\u00f6nnen Sie mit unserem QC-Labor zusammenarbeiten?<\/em> Ja, wir koordinieren unabh\u00e4ngige Tests.<\/p>\n\n\n\n<p class=\"translation-block\"><em>Bieten Sie Exklusivit\u00e4t an?<\/em> M\u00f6glich, je nach Volumen und M\u00e4rkten.<\/p>\n\n\n\n<p><\/p>","protected":false},"excerpt":{"rendered":"<p>Direct access to Turkey\u2019s best producers\u2014curated, verified, and ready to export. Key Benefits Direct-from-producer pricing with transparent margins Vetted suppliers: audits, quality docs, export readiness Category breadth: fresh produce, dried &#8230;<\/p>","protected":false},"author":1,"featured_media":0,"parent":0,"menu_order":0,"comment_status":"closed","ping_status":"closed","template":"template-fullwidth.php","meta":{"footnotes":""},"class_list":["post-1857","page","type-page","status-publish","hentry"],"yoast_head":"<!-- This site is optimized with the Yoast SEO plugin v26.3 - https:\/\/yoast.com\/wordpress\/plugins\/seo\/ -->\n<title>Product Brokerage - NUANCE AGRO<\/title>\n<meta name=\"description\" content=\"We connect European buyers with verified Turkish producers. Cut costs, reduce risk, and source reliably across fresh, dried, and processed foods.\" \/>\n<meta name=\"robots\" content=\"index, follow, max-snippet:-1, max-image-preview:large, max-video-preview:-1\" \/>\n<link rel=\"canonical\" href=\"https:\/\/nuanceagro.com\/de\/product-brokerage-2\/\" \/>\n<meta property=\"og:locale\" content=\"de_DE\" \/>\n<meta property=\"og:type\" content=\"article\" \/>\n<meta property=\"og:title\" content=\"Product Brokerage - NUANCE AGRO\" \/>\n<meta property=\"og:description\" content=\"We connect European buyers with verified Turkish producers. Cut costs, reduce risk, and source reliably across fresh, dried, and processed foods.\" \/>\n<meta property=\"og:url\" content=\"https:\/\/nuanceagro.com\/de\/product-brokerage-2\/\" \/>\n<meta property=\"og:site_name\" content=\"NUANCE AGRO\" \/>\n<meta property=\"article:modified_time\" content=\"2025-10-28T08:12:48+00:00\" \/>\n<meta name=\"twitter:card\" content=\"summary_large_image\" \/>\n<meta name=\"twitter:label1\" content=\"Gesch\u00e4tzte Lesezeit\" \/>\n\t<meta name=\"twitter:data1\" content=\"2\u00a0Minuten\" \/>\n<script type=\"application\/ld+json\" class=\"yoast-schema-graph\">{\"@context\":\"https:\/\/schema.org\",\"@graph\":[{\"@type\":\"WebPage\",\"@id\":\"https:\/\/nuanceagro.com\/product-brokerage-2\/\",\"url\":\"https:\/\/nuanceagro.com\/product-brokerage-2\/\",\"name\":\"Product Brokerage - NUANCE AGRO\",\"isPartOf\":{\"@id\":\"https:\/\/nuanceagro.com\/#website\"},\"datePublished\":\"2025-10-28T08:11:00+00:00\",\"dateModified\":\"2025-10-28T08:12:48+00:00\",\"description\":\"We connect European buyers with verified Turkish producers. Cut costs, reduce risk, and source reliably across fresh, dried, and processed foods.\",\"breadcrumb\":{\"@id\":\"https:\/\/nuanceagro.com\/product-brokerage-2\/#breadcrumb\"},\"inLanguage\":\"de\",\"potentialAction\":[{\"@type\":\"ReadAction\",\"target\":[\"https:\/\/nuanceagro.com\/product-brokerage-2\/\"]}]},{\"@type\":\"BreadcrumbList\",\"@id\":\"https:\/\/nuanceagro.com\/product-brokerage-2\/#breadcrumb\",\"itemListElement\":[{\"@type\":\"ListItem\",\"position\":1,\"name\":\"Startseite\",\"item\":\"https:\/\/nuanceagro.com\/\"},{\"@type\":\"ListItem\",\"position\":2,\"name\":\"Product Brokerage\"}]},{\"@type\":\"WebSite\",\"@id\":\"https:\/\/nuanceagro.com\/#website\",\"url\":\"https:\/\/nuanceagro.com\/\",\"name\":\"NUANCE AGRO\",\"description\":\"\",\"potentialAction\":[{\"@type\":\"SearchAction\",\"target\":{\"@type\":\"EntryPoint\",\"urlTemplate\":\"https:\/\/nuanceagro.com\/?s={search_term_string}\"},\"query-input\":{\"@type\":\"PropertyValueSpecification\",\"valueRequired\":true,\"valueName\":\"search_term_string\"}}],\"inLanguage\":\"de\"}]}<\/script>\n<!-- \/ Yoast SEO plugin. -->","yoast_head_json":{"title":"Product Brokerage - NUANCE AGRO","description":"We connect European buyers with verified Turkish producers. Cut costs, reduce risk, and source reliably across fresh, dried, and processed foods.","robots":{"index":"index","follow":"follow","max-snippet":"max-snippet:-1","max-image-preview":"max-image-preview:large","max-video-preview":"max-video-preview:-1"},"canonical":"https:\/\/nuanceagro.com\/de\/product-brokerage-2\/","og_locale":"de_DE","og_type":"article","og_title":"Product Brokerage - NUANCE AGRO","og_description":"We connect European buyers with verified Turkish producers. Cut costs, reduce risk, and source reliably across fresh, dried, and processed foods.","og_url":"https:\/\/nuanceagro.com\/de\/product-brokerage-2\/","og_site_name":"NUANCE AGRO","article_modified_time":"2025-10-28T08:12:48+00:00","twitter_card":"summary_large_image","twitter_misc":{"Gesch\u00e4tzte Lesezeit":"2\u00a0Minuten"},"schema":{"@context":"https:\/\/schema.org","@graph":[{"@type":"WebPage","@id":"https:\/\/nuanceagro.com\/product-brokerage-2\/","url":"https:\/\/nuanceagro.com\/product-brokerage-2\/","name":"Product Brokerage - NUANCE AGRO","isPartOf":{"@id":"https:\/\/nuanceagro.com\/#website"},"datePublished":"2025-10-28T08:11:00+00:00","dateModified":"2025-10-28T08:12:48+00:00","description":"We connect European buyers with verified Turkish producers. Cut costs, reduce risk, and source reliably across fresh, dried, and processed foods.","breadcrumb":{"@id":"https:\/\/nuanceagro.com\/product-brokerage-2\/#breadcrumb"},"inLanguage":"de","potentialAction":[{"@type":"ReadAction","target":["https:\/\/nuanceagro.com\/product-brokerage-2\/"]}]},{"@type":"BreadcrumbList","@id":"https:\/\/nuanceagro.com\/product-brokerage-2\/#breadcrumb","itemListElement":[{"@type":"ListItem","position":1,"name":"Startseite","item":"https:\/\/nuanceagro.com\/"},{"@type":"ListItem","position":2,"name":"Product Brokerage"}]},{"@type":"WebSite","@id":"https:\/\/nuanceagro.com\/#website","url":"https:\/\/nuanceagro.com\/","name":"NUANCE AGRO","description":"","potentialAction":[{"@type":"SearchAction","target":{"@type":"EntryPoint","urlTemplate":"https:\/\/nuanceagro.com\/?s={search_term_string}"},"query-input":{"@type":"PropertyValueSpecification","valueRequired":true,"valueName":"search_term_string"}}],"inLanguage":"de"}]}},"_links":{"self":[{"href":"https:\/\/nuanceagro.com\/de\/wp-json\/wp\/v2\/pages\/1857","targetHints":{"allow":["GET"]}}],"collection":[{"href":"https:\/\/nuanceagro.com\/de\/wp-json\/wp\/v2\/pages"}],"about":[{"href":"https:\/\/nuanceagro.com\/de\/wp-json\/wp\/v2\/types\/page"}],"author":[{"embeddable":true,"href":"https:\/\/nuanceagro.com\/de\/wp-json\/wp\/v2\/users\/1"}],"replies":[{"embeddable":true,"href":"https:\/\/nuanceagro.com\/de\/wp-json\/wp\/v2\/comments?post=1857"}],"version-history":[{"count":1,"href":"https:\/\/nuanceagro.com\/de\/wp-json\/wp\/v2\/pages\/1857\/revisions"}],"predecessor-version":[{"id":1858,"href":"https:\/\/nuanceagro.com\/de\/wp-json\/wp\/v2\/pages\/1857\/revisions\/1858"}],"wp:attachment":[{"href":"https:\/\/nuanceagro.com\/de\/wp-json\/wp\/v2\/media?parent=1857"}],"curies":[{"name":"wp","href":"https:\/\/api.w.org\/{rel}","templated":true}]}}